{"id":10,"date":"2025-08-18T06:28:50","date_gmt":"2025-08-18T06:28:50","guid":{"rendered":"https:\/\/webs.io.vn\/plugin-tinh-cuoc-taxi-1\/?page_id=10"},"modified":"2025-08-18T06:36:52","modified_gmt":"2025-08-18T06:36:52","slug":"dat-xe","status":"publish","type":"page","link":"https:\/\/webs.io.vn\/plugin-tinh-cuoc-taxi-1\/","title":{"rendered":"\u0110\u1eb7t xe"},"content":{"rendered":"    <div class=\"container\" id=\"dc-session\">\n        <div class=\"row\">\n            <div class=\"custom-col\">\n\t\t\t\t    <div id=\"dc-tabs\">\n        <ul class=\"nav nav-tabs\">\n                            <li class=\"nav-item\">\n                    <a id=\"default\" \n                       class=\"nav-link active\" \n                       href=\"#\" \n                       data-order=\"1\">\n                        <i class=\"fas fa-car fa-icon\"><\/i>\n                        \u0110\u01b0\u1eddng d\u00e0i                    <\/a>\n                <\/li>\n                            <li class=\"nav-item\">\n                    <a id=\"airport\" \n                       class=\"nav-link\" \n                       href=\"#\" \n                       data-order=\"2\">\n                        <i class=\"fas fa-plane fa-icon\"><\/i>\n                        S\u00e2n bay                    <\/a>\n                <\/li>\n                            <li class=\"nav-item\">\n                    <a id=\"routes\" \n                       class=\"nav-link\" \n                       href=\"#\" \n                       data-order=\"3\">\n                        <i class=\"fas fa-route fa-icon\"><\/i>\n                        C\u1ed1 \u0111\u1ecbnh                    <\/a>\n                <\/li>\n                    <\/ul>\n    <\/div>\n                    <form id=\"distance-calculator-form\">\n                    <div class=\"form-group\">\n                        <div class=\"form-row\" style=\" margin-bottom: -20px; \">\n                            <div class=\"form-group col-lg-8 col-md-8 col-sm-7 col-xs-6 col-6\">\n                                <label for=\"pickup-location\"><span class=\"hidden-mobile\">\u0110\u1ecba ch\u1ec9 <\/span>\u0110\u00f3n kh\u00e1ch:<\/label>\n                            <\/div>    \n                            <div class=\"form-group col-lg-4 col-md-4 col-sm-5 col-xs-6 col-6\">\n                                <a href=\"#\" class=\"show-map\" data-target=\"pickup\">B\u1ea3n \u0111\u1ed3<\/a>\n                            <\/div>\n                        <\/div>            \n                        <div class=\"form-row\">\n                            <div class=\"input-group\">\n                                <i class=\"fas fa-map-marker-alt fa-icon\"><\/i>\n                                <input class=\"form-control\" type=\"text\" id=\"pickup-location\" name=\"pickup-location\">\n                                <input class=\"form-control\" type=\"hidden\" id=\"pickup-latlng\" name=\"pickup-latlng\">\n                                <i class=\"fas fa-street-view location-icon\" id=\"get-pickup-location\"><\/i>\n                            <\/div>\n                        <\/div>    \n                        <span class=\"error-message\" id=\"pickup-location-error\"><\/span>\n                    <\/div>        \n                    <div id=\"pickup-map-container\">\n                        <button id=\"confirm-pickup\" style=\"display: none;\">X\u00e1c nh\u1eadn <span class=\"hidden-mobile\">\u0110i\u1ec3m \u0111\u00f3n<\/span><\/button>\n                        <div id=\"pickup-map\" class=\"map-container\" style=\"height: 400px; margin-bottom: 20px; display: none;\"><\/div>\n                    <\/div>            \n                    <div class=\"form-group\">\n                        <div class=\"form-row\" style=\" margin-bottom: -20px; \">\n                            <div class=\"form-group col-lg-8 col-md-8 col-sm-7 col-xs-6 col-6\">\n                                <label for=\"pickup-location\"><span class=\"hidden-mobile\">\u0110\u1ecba ch\u1ec9 <\/span>Tr\u1ea3 kh\u00e1ch:<\/label>\n                            <\/div>    \n                            <div class=\"form-group col-lg-4 col-md-4 col-sm-5 col-xs-6 col-6\">\n                                <a href=\"#\" class=\"show-map\" data-target=\"dropoff\">B\u1ea3n \u0111\u1ed3<\/a>\n                            <\/div>\n                        <\/div>\n                        <div class=\"form-row\">\n                            <div class=\"input-group\">\n                                <i class=\"fas fa-map-marker-alt fa-icon\" style=\"color:red;\"><\/i>\n                                <input class=\"form-control\" type=\"text\" id=\"dropoff-location\" name=\"dropoff-location\">\n                                <input class=\"form-control\" type=\"hidden\" id=\"dropoff-latlng\" name=\"dropoff-latlng\">\n                                <i class=\"fa fa-sort convert-icon\" id=\"get-convert-location\"><\/i>\n                            <\/div>\n                        <\/div>\n                        <span class=\"error-message\" id=\"dropoff-location-error\"><\/span>\n                    <\/div>\n                    <div id=\"dropoff-map-container\">\n                        <button id=\"confirm-dropoff\" style=\"display: none;\">X\u00e1c nh\u1eadn <span class=\"hidden-mobile\">\u0110i\u1ec3m tr\u1ea3<\/span><\/button>\n                        <div id=\"dropoff-map\" class=\"map-container\" style=\"height: 400px; margin-bottom: 20px; display: none;\"><\/div>\n                    <\/div>\t\t\t\t\t\t\t\t\t\t\n                    <div class=\"form-row\">\n                        <div class=\"form-group col-md-6\">\n                            <label for=\"car-type\">Lo\u1ea1i xe:<\/label>\n                            <div class=\"input-group\">\n                                <i class=\"fas fa-car fa-icon\"><\/i>\n                                <select class=\"form-control\" id=\"car-type\" name=\"car-type\">\n                                    <option value=\"\">Ch\u1ecdn lo\u1ea1i xe<\/option>\n                                                                            <option value=\"1\">Xe 5 ch\u1ed7 - Accent<\/option>\n                                                                                <option value=\"2\">Xe 7 ch\u1ed7<\/option>\n                                                                                <option value=\"3\">Xe 9 ch\u1ed7 - Starex<\/option>\n                                                                                <option value=\"4\">Xe 5 ch\u1ed7 - Venus<\/option>\n                                                                                <option value=\"5\">Xe 5 ch\u1ed7 - Civic<\/option>\n                                                                        <\/select>\n                            <\/div>\n                            <span class=\"error-message\" id=\"car-type-error\"><\/span>\n                        <\/div>\n                        <div class=\"form-group col-md-6\">\n                            <label for=\"trip-type\">D\u1ecbch v\u1ee5:<\/label>\n                            <div class=\"input-group\">\n                                <i class=\"fas fa-exchange-alt fa-icon\"><\/i>\n                                <select class=\"form-control\" id=\"trip-type\" name=\"trip-type\">\n                                    <option value=\"\">Ch\u1ecdn d\u1ecbch v\u1ee5<\/option>\n                                    <option value=\"1\">M\u1ed9t chi\u1ec1u<\/option>\n                                    <option value=\"2\">Hai chi\u1ec1u<\/option>\n                                <\/select>\n                            <\/div>\n                            <span class=\"error-message\" id=\"trip-type-error\"><\/span>\n                        <\/div>\n                    <\/div>                    \n                    <div class=\"form-row\">\n                        <div class=\"form-group col-md-6\">\n                            <label for=\"trip-time\">Th\u1eddi gian \u0111i:<\/label>\n                            <div class=\"input-group\">\n                                <i class=\"far fa-calendar-alt fa-icon\"><\/i>\n                                <input class=\"form-control\" type=\"text\" placeholder=\"Ch\u1ecdn ng\u00e0y, gi\u1edd...\" readonly=\"readonly\" id=\"trip-time\" name=\"trip-time\">\n                            <\/div>\n                            <span class=\"error-message\" id=\"trip-time-error\"><\/span>\n                        <\/div>\n                        <div class=\"form-group col-md-6\">\n                            <label for=\"trip-waiting\">Th\u1eddi gian ch\u1edd:<\/label>\n                            <div class=\"input-group\">\n                                <i class=\"far fa-clock fa-icon\"><\/i>\n                                <select class=\"form-control\" id=\"trip-waiting\" name=\"trip-waiting\">\n                                    <option value=\"0\">Kh\u00f4ng ch\u1edd<\/option>\n                                    <option value=\"1\">Ch\u1edd 1 gi\u1edd<\/option>\n                                    <option value=\"2\">Ch\u1edd 2 gi\u1edd<\/option>\n                                    <option value=\"3\">Ch\u1edd 3 gi\u1edd<\/option>\n                                    <option value=\"4\">Ch\u1edd 4 gi\u1edd<\/option>\n                                    <option value=\"5\">Ch\u1edd 5 gi\u1edd<\/option>\n                                    <option value=\"6\">Ch\u1edd 6 gi\u1edd<\/option>\n                                    <option value=\"7\">Ch\u1edd 7 gi\u1edd<\/option>\n                                    <option value=\"8\">Ch\u1edd 8 gi\u1edd<\/option>\n                                <\/select>                \n                            <\/div>\n                            <span class=\"error-message\" id=\"trip-waiting-error\"><\/span>\n                        <\/div>\n                    <\/div>\n                            \n                    <div class=\"form-group\">\n                        <button type=\"submit\" class=\"btn btn-success \"><i class=\"fas fa-calculator\"><\/i> T\u00ednh to\u00e1n<\/button>\n                    <\/div>\n                    <div id=\"loading-overlay\">\n                        <div id=\"loading\">\n                            <svg version=\"1.1\" id=\"location-icon\" xmlns=\"http:\/\/www.w3.org\/2000\/svg\" xmlns:xlink=\"http:\/\/www.w3.org\/1999\/xlink\"\n                                viewBox=\"0 0 40 40\" width=\"40px\" height=\"40px\" fill=\"#000\">\n                                <circle cx=\"20\" cy=\"20\" r=\"15\" stroke=\"#000\" stroke-width=\"2\" fill=\"none\">\n                                    <animate attributeName=\"r\" from=\"15\" to=\"0\" dur=\"1s\" begin=\"0s\" repeatCount=\"indefinite\" \/>\n                                    <animate attributeName=\"stroke-opacity\" from=\"1\" to=\"0\" dur=\"1s\" begin=\"0s\" repeatCount=\"indefinite\" \/>\n                                <\/circle>\n                                <circle cx=\"20\" cy=\"20\" r=\"10\" stroke=\"#000\" stroke-width=\"2\" fill=\"none\">\n                                    <animate attributeName=\"r\" from=\"10\" to=\"0\" dur=\"1s\" begin=\"-0.5s\" repeatCount=\"indefinite\" \/>\n                                    <animate attributeName=\"stroke-opacity\" from=\"1\" to=\"0\" dur=\"1s\" begin=\"-0.5s\" repeatCount=\"indefinite\" \/>\n                                <\/circle>\n                            <\/svg>\n                            <span class=\"loading-text\" id=\"loading-text\">\u0110ang x\u1eed l\u00fd...<\/span>\n                        <\/div>\n                    <\/div>\n                <\/form>        \n                <div id=\"allmap\" style=\"height: 400px; display: none;\"><\/div>\n            <\/div>\n        <\/div>\n\t\t\n\t\t<!-- Modal for Distance Result, Booking, and Payment -->\n\t\t<div id=\"result-modal\" class=\"booking-modal\" style=\"display: none;\">\n\t\t\t<div class=\"modal-content\">\n\t\t\t\t<span style=\"overflow: hidden;\" class=\"close\">\u00d7<\/span>\n\t\t\t\t<div id=\"distance-result\"><\/div>\n\t\t\t\t<div id=\"booking-modal-content\" style=\"display: none;\">\n\t\t\t\t\t<form id=\"booking-form\" method=\"POST\" action=\"https:\/\/webs.io.vn\/plugin-tinh-cuoc-taxi-1\/wp-admin\/admin-post.php\">\n\t\t\t\t\t\t<!-- Booking form fields -->\n\n\t\t\t\t\t\t\t<div class=\"col-12\">\n\t\t\t\t\t\t\t\n\t\t\t\t\t\t\t\t<input type=\"hidden\" id=\"_wpnonce\" name=\"_wpnonce\" value=\"60aa6a70dc\" \/><input type=\"hidden\" name=\"_wp_http_referer\" value=\"\/plugin-tinh-cuoc-taxi-1\/wp-json\/wp\/v2\/pages\/10\" \/>\t\t\t\t\t\t\t\t\n\t\t\t\t\t\t\t\t<!-- C\u00e1c tr\u01b0\u1eddng th\u00f4ng tin h\u00e0nh tr\u00ecnh -->\n\t\t\t\t\t\t\t\t<input type=\"hidden\" id=\"pickupLocation\" name=\"pickupLocation\">\n\t\t\t\t\t\t\t\t<input type=\"hidden\" id=\"dropoffLocation\" name=\"dropoffLocation\">\n\t\t\t\t\t\t\t\t\n\t\t\t\t\t\t\t\t<input type=\"hidden\" id=\"pickupLatLng\" name=\"pickupLatLng\">\n\t\t\t\t\t\t\t\t<input type=\"hidden\" id=\"dropoffLatLng\" name=\"dropoffLatLng\">\n\t\t\t\t\t\t\t\t\n\t\t\t\t\t\t\t\t<input type=\"hidden\" id=\"tripcarType\" name=\"tripcarType\">\n\t\t\t\t\t\t\t\t<input type=\"hidden\" id=\"tripTime\" name=\"tripTime\">\n\t\t\t\t\t\t\t\t<input type=\"hidden\" id=\"tripType\" name=\"tripType\">\n\t\t\t\t\t\t\t\t<input type=\"hidden\" id=\"tripWaiting\" name=\"tripWaiting\">\n\t\t\t\t\t\t\t\t<input type=\"hidden\" id=\"tripdistance\" name=\"tripdistance\">\n\t\t\t\t\t\t\t\t<input type=\"hidden\" id=\"tripduration\" name=\"tripduration\">\n\t\t\t\t\t\t\t\t\n\t\t\t\t\t\t\t\t<input type=\"hidden\" id=\"tripcost\" name=\"tripcost\">\n\t\t\t\t\t\t\t\t\n\t\t\t\t\t\t\t\t<input type=\"hidden\" id=\"finalcost\" name=\"finalcost\">\n\t\t\t\t\t\t\t\t<input type=\"hidden\" id=\"discountcode\" name=\"discountcode\">\n\t\t\t\t\t\t\t\t<input type=\"hidden\" id=\"discountamount\" name=\"discountamount\">\n\t\t\t\t\t\t\t\t\n\t\t\t\t\t\t\t\t<input type=\"hidden\" id=\"tripMap\" name=\"tripMap\">\n\t\t\t\t\t\t\t\t\n\t\t\t\t\t\t\t\t<input type=\"hidden\" id=\"routeId\" name=\"routeId\">\n\t\t\t\t\t\t\t\t<input type=\"hidden\" id=\"routeType\" name=\"routeType\">\n\n\t\t\t\t\t\t\t  <div class=\"form-group\">\n\t\t\t\t\t\t\t\t  <label for=\"full-name\">H\u1ecd t\u00ean<\/label>\n\t\t\t\t\t\t\t\t  <div class=\"input-group\">\n\t\t\t\t\t\t\t\t\t<i class=\"fas fa-user fa-icon\"><\/i>\n\t\t\t\t\t\t\t\t\t<input type=\"text\" class=\"form-control\" id=\"full-name\" placeholder=\"H\u1ecd t\u00ean\">\n\t\t\t\t\t\t\t\t  <\/div>\n\t\t\t\t\t\t\t  <\/div>  \n\t\t\t\t\t\t\t  \n\t\t\t\t\t\t\t  \t\t\t\t\t\t\t  \n\t\t\t\t\t\t\t  <div class=\"form-row\">\n\t\t\t\t\t\t\t\t\t\t\t\t\t\t\t\t<div class=\"form-group col-md-6\">\n\t\t\t\t\t\t\t\t  <label for=\"phone-number\">\u0110i\u1ec7n tho\u1ea1i<\/label>\n\t\t\t\t\t\t\t\t  <div class=\"input-group\">\n\t\t\t\t\t\t\t\t\t<i class=\"fas fa-phone fa-icon\"><\/i>\n\t\t\t\t\t\t\t\t\t<input type=\"number\" class=\"form-control\" id=\"phone-number\" placeholder=\"\u0110i\u1ec7n tho\u1ea1i\">\n\t\t\t\t\t\t\t\t  <\/div> \t\t\t\t\t  \n\t\t\t\t\t\t\t\t<\/div>\n\t\t\t\t\t\t\t\t<div class=\"form-group col-md-6\">\n\t\t\t\t\t\t\t\t  <label for=\"email\">Email<\/label>\n\t\t\t\t\t\t\t\t  <div class=\"input-group\">\n\t\t\t\t\t\t\t\t\t<i class=\"fas fa-envelope fa-icon\"><\/i>\n\t\t\t\t\t\t\t\t\t<input type=\"email\" class=\"form-control\" id=\"email\" placeholder=\"Email\">\n\t\t\t\t\t\t\t\t  <\/div> \t\t\t\t\t\t\t\n\t\t\t\t\t\t\t\t<\/div>\n\t\t\t\t\t\t\t\t\t\t\t\t\t\t\t  <\/div>\n\t\t\t\t\t\t\t  \n\t\t\t\t\t\t\t  \t\t\t\t\t\t\t  \n\t\t\t\t\t\t\t  \t\t\t\t\t\t\t  \n\t\t\t\t\t\t\t<!-- Invoice-style section for cost calculation -->\n\n                            <div class=\"form-group invoice-section\">\n                                <h5>Chi ti\u1ebft thanh to\u00e1n<\/h5>\n\n                                <div class=\"invoice-row\">\n                                    <span>T\u1ed5ng s\u1ed1 ti\u1ec1n:<\/span>\n                                    <span id=\"total-cost\">0 VND<\/span>\n                                <\/div>\n\n                                <div class=\"invoice-row\">\n                                    <div class=\"discount-controls\">\n                                        <label for=\"discount-code\">M\u00e3 chi\u1ebft kh\u1ea5u:<\/label>\n                                        <input type=\"text\" class=\"form-control\" id=\"discount-code\" placeholder=\"Nh\u1eadp m\u00e3\">\n                                        <button type=\"button\" class=\"btn btn-primary btn-sm\" id=\"apply-discount\">\u00c1p d\u1ee5ng<\/button>\n                                    <\/div>\n                                    <span id=\"discount-amount\">0 VND<\/span>\n                                <\/div>\n\n                                <hr>\n\n                                <div class=\"invoice-row\">\n                                    <span class=\"invoice-label\">S\u1ed1 ti\u1ec1n c\u1ea7n thanh to\u00e1n:<\/span>\n                                    <span id=\"final-cost\">0 VND<\/span>\n                                <\/div>\n                            <\/div>\n\n                            <!--div class=\"form-group invoice-section\" style=\"border: 1px solid #dee2e6; padding: 15px; background-color: #f8f9fa; border-radius: 5px; margin-bottom: 20px;\">\n                                <h5 style=\"margin-bottom: 15px; font-weight: bold;\">Chi ti\u1ebft thanh to\u00e1n<\/h5>\n                                <div class=\"invoice-row\" style=\"display: flex; justify-content: space-between; margin-bottom: 10px;\">\n                                    <span>T\u1ed5ng s\u1ed1 ti\u1ec1n:<\/span>\n                                    <span id=\"total-cost\" style=\"font-weight: bold;\">0 VND<\/span> \n                                <\/div>\n                                <div class=\"invoice-row\" style=\"display: flex; justify-content: space-between; margin-bottom: 10px;\">\n                                    <div style=\"display: flex; align-items: center;\">\n                                        <label for=\"discount-code\" style=\"margin-right: 10px;\">M\u00e3 chi\u1ebft kh\u1ea5u:<\/label>\n                                        <input type=\"text\" class=\"form-control\" id=\"discount-code\" style=\"width: 150px; margin-right: 10px;\" placeholder=\"Nh\u1eadp m\u00e3\">\n                                        <button type=\"button\" class=\"btn btn-primary btn-sm\" id=\"apply-discount\">\u00c1p d\u1ee5ng<\/button>\n                                    <\/div>\n                                    <span id=\"discount-amount\" style=\"font-weight: bold;\">0 VND<\/span>\n                                <\/div>\n                                <hr style=\"border-top: 1px solid #dee2e6;\">\n                                <div class=\"invoice-row\" style=\"display: flex; justify-content: space-between;\">\n                                    <span style=\"font-weight: bold;\">S\u1ed1 ti\u1ec1n c\u1ea7n thanh to\u00e1n:<\/span>\n                                    <span id=\"final-cost\" style=\"font-weight: bold; color: #28a745;\">0 VND<\/span>\n                                <\/div>\n                            <\/div-->\n\t\t\t\t\t\t\t  \n\t\t\t\t\t\t\t\t  \n\t\t\t\t\t\t\t  <div class=\"form-group\">\n\t\t\t\t\t\t\t\t  <label for=\"address\">Ph\u01b0\u01a1ng th\u1ee9c thanh to\u00e1n<\/label>\n\t\t\t\t\t\t\t\t  \t\t\t\t\t\t\t\t\t  <div class=\"form-check\">\n\t\t\t\t\t\t\t\t\t\t<input class=\"form-check-input\" type=\"radio\" name=\"payment-method\" id=\"payment-qr\" value=\"qr\" checked>\n\t\t\t\t\t\t\t\t\t\t<label class=\"form-check-label\" for=\"payment-qr\">\n\t\t\t\t\t\t\t\t\t\tQu\u00e9t m\u00e3 QR qua APP\n\t\t\t\t\t\t\t\t\t\t<\/label>\n\t\t\t\t\t\t\t\t\t  <\/div>\n\t\t\t\t\t\t\t\t  \t\t\t\t\t\t\t\t\t  <div class=\"form-check\">\n\t\t\t\t\t\t\t\t\t\t<input class=\"form-check-input\" type=\"radio\" name=\"payment-method\" id=\"payment-bank\" value=\"bank\">\n\t\t\t\t\t\t\t\t\t\t<label class=\"form-check-label\" for=\"payment-bank\">\n\t\t\t\t\t\t\t\t\t\tChuy\u1ec3n kho\u1ea3n qua Ng\u00e2n H\u00e0ng\n\t\t\t\t\t\t\t\t\t\t<\/label>\n\t\t\t\t\t\t\t\t\t  <\/div>\n\t\t\t\t\t\t\t\t  \t  \n\t\t\t\t\t\t\t\t\t  <div class=\"form-check\">\n\t\t\t\t\t\t\t\t\t\t<input class=\"form-check-input\" type=\"radio\" name=\"payment-method\" id=\"payment-cod\" value=\"cod\">\n\t\t\t\t\t\t\t\t\t\t<label class=\"form-check-label\" for=\"payment-cod\">\n\t\t\t\t\t\t\t\t\t\tTi\u1ec1n m\u1eb7t khi ho\u00e0n th\u00e0nh\n\t\t\t\t\t\t\t\t\t\t<\/label>\n\t\t\t\t\t\t\t\t\t  <\/div>\n\t\t\t\t\t\t\t\t    \n\t\t\t\t\t\t\t  <\/div> \n\t\t\t\t\t\t\t  \n\t\t\t\t\t\t\t\t\t\t\t\t\t\t\t\t\t<input class=\"form-check-input\" type=\"checkbox\" id=\"terms\" checked style=\"display: none;\">\n\t\t\t\t\t\t\t\t\n\t\t\t\t\t\t\t  \t\t\t\t\t\t\t\t<button type=\"submit\" class=\"btn btn-success btn-lg btn-block\">\u0110\u1eb7t xe<\/button>\n\t\t\t\t\t\t\t  \t\t\t\t\t\t\t<\/div>\n\t\t\t\t\t<\/form>\n\t\t\t\t<\/div>\n\t\t\t\t<div id=\"payment-modal-content\" style=\"display: none;\">\n\t\t\t\t\t<div class=\"container overal\" id=\"overal-block\">\n\t\t\t\t\t\t<div class=\"row\">\n\t\t\t\t\t\t\t<div class=\"col-12\">\n\t\t\t\t\t\t\t\t<div class=\"overal-header\">\n\t\t\t\t\t\t\t\t\t<h1>C\u1ea3m \u01a1n b\u1ea1n \u0111\u00e3 \u0111\u1eb7t xe<\/h1>\n\t\t\t\t\t\t\t\t<\/div>\n\t\t\t\t\t\t\t<\/div>\n\t\t\t\t\t\t<\/div>\n\t\t\t\t\t\t<div class=\"row overal-body\">\n\t\t\t\t\t\t\t<div class=\"col-12\">\n\t\t\t\t\t\t\t\t<div class=\"text-center\" id=\"ticket-info\"><\/div>\n\t\t\t\t\t\t\t\t<div class=\"text-center\" id=\"payment-info\"><\/div>\n\t\t\t\t\t\t\t\t<div id=\"scan-qr-code\"><\/div>\n\t\t\t\t\t\t\t<\/div>\n\t\t\t\t\t\t<\/div>\n\t\t\t\t\t\t<div class=\"row\">\n\t\t\t\t\t\t\t<div class=\"col-12\">\n\t\t\t\t\t\t\t\t<div class=\"overal-footer\">\n\t\t\t\t\t\t\t\t\t<strong><i>Ch\u00fac qu\u00fd kh\u00e1ch th\u01b0\u1ee3ng l\u1ed9 b\u00ecnh an!<\/i><\/strong>\n\t\t\t\t\t\t\t\t<\/div>\n\t\t\t\t\t\t\t\t<button type=\"button\" id=\"back-to-booking\" class=\"btn btn-secondary btn-lg btn-block mt-3\">Quay l\u1ea1i<\/button>\n\t\t\t\t\t\t\t<\/div>\n\t\t\t\t\t\t<\/div>\n\t\t\t\t\t<\/div>\n\t\t\t\t<\/div>\n\t\t\t<\/div>\n\t\t<\/div>\n    <\/div>\n    \n\n\n\n<p><\/p>\n","protected":false},"excerpt":{"rendered":"","protected":false},"author":1,"featured_media":0,"parent":0,"menu_order":0,"comment_status":"closed","ping_status":"closed","template":"","meta":{"footnotes":""},"class_list":["post-10","page","type-page","status-publish","hentry"],"_links":{"self":[{"href":"https:\/\/webs.io.vn\/plugin-tinh-cuoc-taxi-1\/wp-json\/wp\/v2\/pages\/10","targetHints":{"allow":["GET"]}}],"collection":[{"href":"https:\/\/webs.io.vn\/plugin-tinh-cuoc-taxi-1\/wp-json\/wp\/v2\/pages"}],"about":[{"href":"https:\/\/webs.io.vn\/plugin-tinh-cuoc-taxi-1\/wp-json\/wp\/v2\/types\/page"}],"author":[{"embeddable":true,"href":"https:\/\/webs.io.vn\/plugin-tinh-cuoc-taxi-1\/wp-json\/wp\/v2\/users\/1"}],"replies":[{"embeddable":true,"href":"https:\/\/webs.io.vn\/plugin-tinh-cuoc-taxi-1\/wp-json\/wp\/v2\/comments?post=10"}],"version-history":[{"count":3,"href":"https:\/\/webs.io.vn\/plugin-tinh-cuoc-taxi-1\/wp-json\/wp\/v2\/pages\/10\/revisions"}],"predecessor-version":[{"id":15,"href":"https:\/\/webs.io.vn\/plugin-tinh-cuoc-taxi-1\/wp-json\/wp\/v2\/pages\/10\/revisions\/15"}],"wp:attachment":[{"href":"https:\/\/webs.io.vn\/plugin-tinh-cuoc-taxi-1\/wp-json\/wp\/v2\/media?parent=10"}],"curies":[{"name":"wp","href":"https:\/\/api.w.org\/{rel}","templated":true}]}}